{"id":103,"date":"2022-07-22T13:53:54","date_gmt":"2022-07-22T11:53:54","guid":{"rendered":"http:\/\/aubergeduprieurenormand.fr\/?page_id=103"},"modified":"2022-09-20T14:57:01","modified_gmt":"2022-09-20T12:57:01","slug":"le-restaurant","status":"publish","type":"page","link":"https:\/\/aubergeduprieurenormand.fr\/index.php\/le-restaurant\/","title":{"rendered":"Le restaurant"},"content":{"rendered":"\t\t<div data-elementor-type=\"wp-page\" data-elementor-id=\"103\" class=\"elementor elementor-103\">\n\t\t\t\t\t\t<section class=\"elementor-section elementor-top-section elementor-element elementor-element-17b7699 elementor-section-boxed elementor-section-height-default elementor-section-height-default\" data-id=\"17b7699\" data-element_type=\"section\" data-e-type=\"section\">\n\t\t\t\t\t\t<div class=\"elementor-container elementor-column-gap-default\">\n\t\t\t\t\t<div class=\"elementor-column elementor-col-50 elementor-top-column elementor-element elementor-element-81b979f\" data-id=\"81b979f\" data-element_type=\"column\" data-e-type=\"column\">\n\t\t\t<div class=\"elementor-widget-wrap elementor-element-populated\">\n\t\t\t\t\t\t<div class=\"elementor-element elementor-element-726ef9e elementor-widget elementor-widget-image\" data-id=\"726ef9e\" data-element_type=\"widget\" data-e-type=\"widget\" data-widget_type=\"image.default\">\n\t\t\t\t<div class=\"elementor-widget-container\">\n\t\t\t\t\t\t\t\t\t\t\t\t\t\t\t<img fetchpriority=\"high\" decoding=\"async\" width=\"537\" height=\"274\" src=\"https:\/\/aubergeduprieurenormand.fr\/wp-content\/uploads\/2022\/09\/le-restaurant.jpg\" class=\"attachment-large size-large wp-image-1069\" alt=\"Auberge du prieur\u00e9 Normand, banni\u00e8re le restaurant\" srcset=\"https:\/\/aubergeduprieurenormand.fr\/wp-content\/uploads\/2022\/09\/le-restaurant.jpg 537w, https:\/\/aubergeduprieurenormand.fr\/wp-content\/uploads\/2022\/09\/le-restaurant-300x153.jpg 300w\" sizes=\"(max-width: 537px) 100vw, 537px\" style=\"width:100%;height:51.02%;max-width:537px\" \/>\t\t\t\t\t\t\t\t\t\t\t\t\t\t\t<\/div>\n\t\t\t\t<\/div>\n\t\t\t\t\t<\/div>\n\t\t<\/div>\n\t\t\t\t<div class=\"elementor-column elementor-col-50 elementor-top-column elementor-element elementor-element-09bf2d3\" data-id=\"09bf2d3\" data-element_type=\"column\" data-e-type=\"column\">\n\t\t\t<div class=\"elementor-widget-wrap elementor-element-populated\">\n\t\t\t\t\t\t<div class=\"elementor-element elementor-element-5e0580f elementor-invisible elementor-widget elementor-widget-text-editor\" data-id=\"5e0580f\" data-element_type=\"widget\" data-e-type=\"widget\" data-settings=\"{&quot;_animation&quot;:&quot;fadeInRight&quot;}\" data-widget_type=\"text-editor.default\">\n\t\t\t\t<div class=\"elementor-widget-container\">\n\t\t\t\t\t\t\t\t\t<h6 style=\"font-family: var(--heading--font-family); font-weight: var(--heading--font-weight-strong); font-size: var(--heading--font-size-h5); letter-spacing: var(--heading--letter-spacing-h5); line-height: var(--heading--line-height-h5); color: #ffffff; text-align: center;\" data-elementor-setting-key=\"title\" data-pen-placeholder=\"\u00c9crivez ici...\">En plein coeur de la Normandie venez d\u00e9couvrir notre restaurant situ\u00e9 \u00e0 deux pas de Giverny!<\/h6><h6 style=\"font-family: var(--heading--font-family); font-weight: var(--heading--font-weight-strong); font-size: var(--heading--font-size-h5); letter-spacing: var(--heading--letter-spacing-h5); line-height: var(--heading--line-height-h5); color: #ffffff; text-align: center;\" data-elementor-setting-key=\"title\" data-pen-placeholder=\"\u00c9crivez ici...\">\u00a0<\/h6><h6 style=\"font-family: var(--heading--font-family); font-weight: var(--heading--font-weight-strong); font-size: var(--heading--font-size-h5); letter-spacing: var(--heading--letter-spacing-h5); line-height: var(--heading--line-height-h5); color: #ffffff; text-align: center;\" data-elementor-setting-key=\"title\" data-pen-placeholder=\"\u00c9crivez ici...\">Un cadre cosy et intimiste vous attend pour un moment de d\u00e9tente et de d\u00e9couverte!<\/h6><h5 style=\"font-family: var(--heading--font-family); font-weight: var(--heading--font-weight-strong); font-size: var(--heading--font-size-h5); letter-spacing: var(--heading--letter-spacing-h5); line-height: var(--heading--line-height-h5); color: #ffffff; text-align: center;\" data-elementor-setting-key=\"title\" data-pen-placeholder=\"\u00c9crivez ici...\">\u00a0<\/h5><h5 style=\"font-family: var(--heading--font-family); font-weight: var(--heading--font-weight-strong); font-size: var(--heading--font-size-h5); letter-spacing: var(--heading--letter-spacing-h5); line-height: var(--heading--line-height-h5); color: #ffffff; text-align: center;\" data-elementor-setting-key=\"title\" data-pen-placeholder=\"\u00c9crivez ici...\">Nous avons mis \u00e0 jour notre site et nos r\u00e9seaux sociaux, abonnez vous pour conna\u00eetre nos nouveaux menus!<\/h5><h5 style=\"font-family: var(--heading--font-family); font-weight: var(--heading--font-weight-strong); font-size: var(--heading--font-size-h5); letter-spacing: var(--heading--letter-spacing-h5); line-height: var(--heading--line-height-h5); color: #ffffff; text-align: center;\" data-elementor-setting-key=\"title\" data-pen-placeholder=\"\u00c9crivez ici...\">\u00a0( ou cliquez sur l&rsquo;onglet menu juste au dessus! )<\/h5>\t\t\t\t\t\t\t\t<\/div>\n\t\t\t\t<\/div>\n\t\t\t\t<div class=\"elementor-element elementor-element-cd48315 elementor-shape-circle elementor-grid-0 e-grid-align-center elementor-invisible elementor-widget elementor-widget-social-icons\" data-id=\"cd48315\" data-element_type=\"widget\" data-e-type=\"widget\" data-settings=\"{&quot;_animation&quot;:&quot;fadeInRight&quot;}\" data-widget_type=\"social-icons.default\">\n\t\t\t\t<div class=\"elementor-widget-container\">\n\t\t\t\t\t\t\t<div class=\"elementor-social-icons-wrapper elementor-grid\" role=\"list\">\n\t\t\t\t\t\t\t<span class=\"elementor-grid-item\" role=\"listitem\">\n\t\t\t\t\t<a class=\"elementor-icon elementor-social-icon elementor-social-icon-facebook elementor-repeater-item-1afcdbe\" href=\"https:\/\/www.facebook.com\/Auberge-du-Prieur%C3%A9-Normand-104612515723589\" target=\"_blank\">\n\t\t\t\t\t\t<span class=\"elementor-screen-only\">Facebook<\/span>\n\t\t\t\t\t\t<i aria-hidden=\"true\" class=\"fab fa-facebook\"><\/i>\t\t\t\t\t<\/a>\n\t\t\t\t<\/span>\n\t\t\t\t\t\t\t<span class=\"elementor-grid-item\" role=\"listitem\">\n\t\t\t\t\t<a class=\"elementor-icon elementor-social-icon elementor-social-icon-instagram elementor-repeater-item-5419304\" href=\"https:\/\/www.instagram.com\/aubergeduprieurenormand27\/\" target=\"_blank\">\n\t\t\t\t\t\t<span class=\"elementor-screen-only\">Instagram<\/span>\n\t\t\t\t\t\t<i aria-hidden=\"true\" class=\"fab fa-instagram\"><\/i>\t\t\t\t\t<\/a>\n\t\t\t\t<\/span>\n\t\t\t\t\t<\/div>\n\t\t\t\t\t\t<\/div>\n\t\t\t\t<\/div>\n\t\t\t\t\t<\/div>\n\t\t<\/div>\n\t\t\t\t\t<\/div>\n\t\t<\/section>\n\t\t\t\t<section class=\"elementor-section elementor-top-section elementor-element elementor-element-5d274bb elementor-section-boxed elementor-section-height-default elementor-section-height-default\" data-id=\"5d274bb\" data-element_type=\"section\" data-e-type=\"section\">\n\t\t\t\t\t\t<div class=\"elementor-container elementor-column-gap-default\">\n\t\t\t\t\t<div class=\"elementor-column elementor-col-100 elementor-top-column elementor-element elementor-element-a2aa61f\" data-id=\"a2aa61f\" data-element_type=\"column\" data-e-type=\"column\">\n\t\t\t<div class=\"elementor-widget-wrap elementor-element-populated\">\n\t\t\t\t\t\t<div class=\"elementor-element elementor-element-c31d401 elementor-widget elementor-widget-image\" data-id=\"c31d401\" data-element_type=\"widget\" data-e-type=\"widget\" data-widget_type=\"image.default\">\n\t\t\t\t<div class=\"elementor-widget-container\">\n\t\t\t\t\t\t\t\t\t\t\t\t\t\t\t\t<a href=\"https:\/\/bookings.zenchef.com\/results?rid=358373&#038;fullscreen=1\">\n\t\t\t\t\t\t\t<img decoding=\"async\" width=\"2048\" height=\"208\" src=\"https:\/\/aubergeduprieurenormand.fr\/wp-content\/uploads\/2022\/09\/banner-reservez-zenchef-2048x208.jpg\" class=\"attachment-2048x2048 size-2048x2048 wp-image-1158\" alt=\"Auberge du prieur\u00e9 Normand- Banni\u00e8re r\u00e9servez via zenchef sur fond textile\" srcset=\"https:\/\/aubergeduprieurenormand.fr\/wp-content\/uploads\/2022\/09\/banner-reservez-zenchef-2048x208.jpg 2048w, https:\/\/aubergeduprieurenormand.fr\/wp-content\/uploads\/2022\/09\/banner-reservez-zenchef-300x31.jpg 300w, https:\/\/aubergeduprieurenormand.fr\/wp-content\/uploads\/2022\/09\/banner-reservez-zenchef-1024x104.jpg 1024w, https:\/\/aubergeduprieurenormand.fr\/wp-content\/uploads\/2022\/09\/banner-reservez-zenchef-768x78.jpg 768w, https:\/\/aubergeduprieurenormand.fr\/wp-content\/uploads\/2022\/09\/banner-reservez-zenchef-1536x156.jpg 1536w, https:\/\/aubergeduprieurenormand.fr\/wp-content\/uploads\/2022\/09\/banner-reservez-zenchef-1568x160.jpg 1568w\" sizes=\"(max-width: 2048px) 100vw, 2048px\" style=\"width:100%;height:10.16%;max-width:2560px\" \/>\t\t\t\t\t\t\t\t<\/a>\n\t\t\t\t\t\t\t\t\t\t\t\t\t\t\t<\/div>\n\t\t\t\t<\/div>\n\t\t\t\t\t<\/div>\n\t\t<\/div>\n\t\t\t\t\t<\/div>\n\t\t<\/section>\n\t\t\t\t<section class=\"elementor-section elementor-top-section elementor-element elementor-element-114add1 elementor-section-boxed elementor-section-height-default elementor-section-height-default\" data-id=\"114add1\" data-element_type=\"section\" data-e-type=\"section\">\n\t\t\t\t\t\t<div class=\"elementor-container elementor-column-gap-default\">\n\t\t\t\t\t<div class=\"elementor-column elementor-col-100 elementor-top-column elementor-element elementor-element-bf663d6\" data-id=\"bf663d6\" data-element_type=\"column\" data-e-type=\"column\">\n\t\t\t<div class=\"elementor-widget-wrap elementor-element-populated\">\n\t\t\t\t\t\t<div class=\"elementor-element elementor-element-67a03ca elementor-widget elementor-widget-image\" data-id=\"67a03ca\" data-element_type=\"widget\" data-e-type=\"widget\" data-widget_type=\"image.default\">\n\t\t\t\t<div class=\"elementor-widget-container\">\n\t\t\t\t\t\t\t\t\t\t\t\t\t\t\t<img decoding=\"async\" width=\"2560\" height=\"1920\" src=\"https:\/\/aubergeduprieurenormand.fr\/wp-content\/uploads\/2022\/09\/20220830_154250-scaled.jpg\" class=\"attachment-full size-full wp-image-915\" alt=\"Auberge du prieur\u00e9 normand-Restaurant\" srcset=\"https:\/\/aubergeduprieurenormand.fr\/wp-content\/uploads\/2022\/09\/20220830_154250-scaled.jpg 2560w, https:\/\/aubergeduprieurenormand.fr\/wp-content\/uploads\/2022\/09\/20220830_154250-300x225.jpg 300w, https:\/\/aubergeduprieurenormand.fr\/wp-content\/uploads\/2022\/09\/20220830_154250-1024x768.jpg 1024w, https:\/\/aubergeduprieurenormand.fr\/wp-content\/uploads\/2022\/09\/20220830_154250-768x576.jpg 768w, https:\/\/aubergeduprieurenormand.fr\/wp-content\/uploads\/2022\/09\/20220830_154250-1536x1152.jpg 1536w, https:\/\/aubergeduprieurenormand.fr\/wp-content\/uploads\/2022\/09\/20220830_154250-2048x1536.jpg 2048w, https:\/\/aubergeduprieurenormand.fr\/wp-content\/uploads\/2022\/09\/20220830_154250-1568x1176.jpg 1568w\" sizes=\"(max-width: 2560px) 100vw, 2560px\" style=\"width:100%;height:75%;max-width:2560px\" \/>\t\t\t\t\t\t\t\t\t\t\t\t\t\t\t<\/div>\n\t\t\t\t<\/div>\n\t\t\t\t\t<\/div>\n\t\t<\/div>\n\t\t\t\t\t<\/div>\n\t\t<\/section>\n\t\t\t\t<section class=\"elementor-section elementor-top-section elementor-element elementor-element-cd4af53 elementor-section-boxed elementor-section-height-default elementor-section-height-default\" data-id=\"cd4af53\" data-element_type=\"section\" data-e-type=\"section\">\n\t\t\t\t\t\t<div class=\"elementor-container elementor-column-gap-default\">\n\t\t\t\t\t<div class=\"elementor-column elementor-col-33 elementor-top-column elementor-element elementor-element-631597b\" data-id=\"631597b\" data-element_type=\"column\" data-e-type=\"column\">\n\t\t\t<div class=\"elementor-widget-wrap elementor-element-populated\">\n\t\t\t\t\t\t<div class=\"elementor-element elementor-element-c233aaf elementor-widget elementor-widget-image\" data-id=\"c233aaf\" data-element_type=\"widget\" data-e-type=\"widget\" data-widget_type=\"image.default\">\n\t\t\t\t<div class=\"elementor-widget-container\">\n\t\t\t\t\t\t\t\t\t\t\t\t\t\t\t<img loading=\"lazy\" decoding=\"async\" width=\"537\" height=\"512\" src=\"https:\/\/aubergeduprieurenormand.fr\/wp-content\/uploads\/2022\/09\/Restaurant1.jpg\" class=\"attachment-large size-large wp-image-1063\" alt=\"Auberge du prieur\u00e9 Normand, cot\u00e9 du restaurant\" srcset=\"https:\/\/aubergeduprieurenormand.fr\/wp-content\/uploads\/2022\/09\/Restaurant1.jpg 537w, https:\/\/aubergeduprieurenormand.fr\/wp-content\/uploads\/2022\/09\/Restaurant1-300x286.jpg 300w\" sizes=\"(max-width: 537px) 100vw, 537px\" style=\"width:100%;height:95.34%;max-width:537px\" \/>\t\t\t\t\t\t\t\t\t\t\t\t\t\t\t<\/div>\n\t\t\t\t<\/div>\n\t\t\t\t\t<\/div>\n\t\t<\/div>\n\t\t\t\t<div class=\"elementor-column elementor-col-33 elementor-top-column elementor-element elementor-element-25ee94f\" data-id=\"25ee94f\" data-element_type=\"column\" data-e-type=\"column\">\n\t\t\t<div class=\"elementor-widget-wrap elementor-element-populated\">\n\t\t\t\t\t\t<div class=\"elementor-element elementor-element-994213d elementor-widget elementor-widget-image\" data-id=\"994213d\" data-element_type=\"widget\" data-e-type=\"widget\" data-widget_type=\"image.default\">\n\t\t\t\t<div class=\"elementor-widget-container\">\n\t\t\t\t\t\t\t\t\t\t\t\t\t\t\t<img loading=\"lazy\" decoding=\"async\" width=\"537\" height=\"512\" src=\"https:\/\/aubergeduprieurenormand.fr\/wp-content\/uploads\/2022\/09\/Restaurant2.jpg\" class=\"attachment-large size-large wp-image-1064\" alt=\"Auberge du prieur\u00e9 normand, entr\u00e9e du restaurant\" srcset=\"https:\/\/aubergeduprieurenormand.fr\/wp-content\/uploads\/2022\/09\/Restaurant2.jpg 537w, https:\/\/aubergeduprieurenormand.fr\/wp-content\/uploads\/2022\/09\/Restaurant2-300x286.jpg 300w\" sizes=\"(max-width: 537px) 100vw, 537px\" style=\"width:100%;height:95.34%;max-width:537px\" \/>\t\t\t\t\t\t\t\t\t\t\t\t\t\t\t<\/div>\n\t\t\t\t<\/div>\n\t\t\t\t\t<\/div>\n\t\t<\/div>\n\t\t\t\t<div class=\"elementor-column elementor-col-33 elementor-top-column elementor-element elementor-element-09e4668\" data-id=\"09e4668\" data-element_type=\"column\" data-e-type=\"column\">\n\t\t\t<div class=\"elementor-widget-wrap elementor-element-populated\">\n\t\t\t\t\t\t<div class=\"elementor-element elementor-element-f07c1a5 elementor-widget elementor-widget-image\" data-id=\"f07c1a5\" data-element_type=\"widget\" data-e-type=\"widget\" data-widget_type=\"image.default\">\n\t\t\t\t<div class=\"elementor-widget-container\">\n\t\t\t\t\t\t\t\t\t\t\t\t\t\t\t<img loading=\"lazy\" decoding=\"async\" width=\"537\" height=\"512\" src=\"https:\/\/aubergeduprieurenormand.fr\/wp-content\/uploads\/2022\/09\/Restaurant3.jpg\" class=\"attachment-large size-large wp-image-1065\" alt=\"Auberge du prieur\u00e9, cave \u00e0 vin\" srcset=\"https:\/\/aubergeduprieurenormand.fr\/wp-content\/uploads\/2022\/09\/Restaurant3.jpg 537w, https:\/\/aubergeduprieurenormand.fr\/wp-content\/uploads\/2022\/09\/Restaurant3-300x286.jpg 300w\" sizes=\"(max-width: 537px) 100vw, 537px\" style=\"width:100%;height:95.34%;max-width:537px\" \/>\t\t\t\t\t\t\t\t\t\t\t\t\t\t\t<\/div>\n\t\t\t\t<\/div>\n\t\t\t\t\t<\/div>\n\t\t<\/div>\n\t\t\t\t\t<\/div>\n\t\t<\/section>\n\t\t\t\t<\/div>\n\t\t","protected":false},"excerpt":{"rendered":"<p>En plein coeur de la Normandie venez d\u00e9couvrir notre restaurant situ\u00e9 \u00e0 deux pas de Giverny! \u00a0 Un cadre cosy et intimiste vous attend pour un moment de d\u00e9tente et de d\u00e9couverte! \u00a0 Nous avons mis \u00e0 jour notre site et nos r\u00e9seaux sociaux, abonnez vous pour conna\u00eetre nos nouveaux menus! \u00a0( ou cliquez sur&hellip; <a class=\"more-link\" href=\"https:\/\/aubergeduprieurenormand.fr\/index.php\/le-restaurant\/\">Poursuivre la lecture <span class=\"screen-reader-text\">Le restaurant<\/span><\/a><\/p>\n","protected":false},"author":1,"featured_media":0,"parent":0,"menu_order":0,"comment_status":"closed","ping_status":"closed","template":"elementor_header_footer","meta":{"footnotes":""},"class_list":["post-103","page","type-page","status-publish","hentry","entry"],"yoast_head":"<!-- This site is optimized with the Yoast SEO plugin v27.3 - https:\/\/yoast.com\/product\/yoast-seo-wordpress\/ -->\n<title>Le restaurant - Auberge du Prieur\u00e9 Normand<\/title>\n<meta name=\"robots\" content=\"index, follow, max-snippet:-1, max-image-preview:large, max-video-preview:-1\" \/>\n<link rel=\"canonical\" href=\"https:\/\/aubergeduprieurenormand.fr\/index.php\/le-restaurant\/\" \/>\n<meta property=\"og:locale\" content=\"fr_FR\" \/>\n<meta property=\"og:type\" content=\"article\" \/>\n<meta property=\"og:title\" content=\"Le restaurant - Auberge du Prieur\u00e9 Normand\" \/>\n<meta property=\"og:description\" content=\"En plein coeur de la Normandie venez d\u00e9couvrir notre restaurant situ\u00e9 \u00e0 deux pas de Giverny! \u00a0 Un cadre cosy et intimiste vous attend pour un moment de d\u00e9tente et de d\u00e9couverte! \u00a0 Nous avons mis \u00e0 jour notre site et nos r\u00e9seaux sociaux, abonnez vous pour conna\u00eetre nos nouveaux menus! \u00a0( ou cliquez sur&hellip; Poursuivre la lecture Le restaurant\" \/>\n<meta property=\"og:url\" content=\"https:\/\/aubergeduprieurenormand.fr\/index.php\/le-restaurant\/\" \/>\n<meta property=\"og:site_name\" content=\"Auberge du Prieur\u00e9 Normand\" \/>\n<meta property=\"article:modified_time\" content=\"2022-09-20T12:57:01+00:00\" \/>\n<meta property=\"og:image\" content=\"http:\/\/aubergeduprieurenormand.fr\/wp-content\/uploads\/2022\/09\/le-restaurant.jpg\" \/>\n<meta name=\"twitter:card\" content=\"summary_large_image\" \/>\n<meta name=\"twitter:label1\" content=\"Dur\u00e9e de lecture estim\u00e9e\" \/>\n\t<meta name=\"twitter:data1\" content=\"2 minutes\" \/>\n<script type=\"application\/ld+json\" class=\"yoast-schema-graph\">{\"@context\":\"https:\\\/\\\/schema.org\",\"@graph\":[{\"@type\":\"WebPage\",\"@id\":\"https:\\\/\\\/aubergeduprieurenormand.fr\\\/index.php\\\/le-restaurant\\\/\",\"url\":\"https:\\\/\\\/aubergeduprieurenormand.fr\\\/index.php\\\/le-restaurant\\\/\",\"name\":\"Le restaurant - Auberge du Prieur\u00e9 Normand\",\"isPartOf\":{\"@id\":\"https:\\\/\\\/aubergeduprieurenormand.fr\\\/#website\"},\"primaryImageOfPage\":{\"@id\":\"https:\\\/\\\/aubergeduprieurenormand.fr\\\/index.php\\\/le-restaurant\\\/#primaryimage\"},\"image\":{\"@id\":\"https:\\\/\\\/aubergeduprieurenormand.fr\\\/index.php\\\/le-restaurant\\\/#primaryimage\"},\"thumbnailUrl\":\"http:\\\/\\\/aubergeduprieurenormand.fr\\\/wp-content\\\/uploads\\\/2022\\\/09\\\/le-restaurant.jpg\",\"datePublished\":\"2022-07-22T11:53:54+00:00\",\"dateModified\":\"2022-09-20T12:57:01+00:00\",\"breadcrumb\":{\"@id\":\"https:\\\/\\\/aubergeduprieurenormand.fr\\\/index.php\\\/le-restaurant\\\/#breadcrumb\"},\"inLanguage\":\"fr-FR\",\"potentialAction\":[{\"@type\":\"ReadAction\",\"target\":[\"https:\\\/\\\/aubergeduprieurenormand.fr\\\/index.php\\\/le-restaurant\\\/\"]}]},{\"@type\":\"ImageObject\",\"inLanguage\":\"fr-FR\",\"@id\":\"https:\\\/\\\/aubergeduprieurenormand.fr\\\/index.php\\\/le-restaurant\\\/#primaryimage\",\"url\":\"https:\\\/\\\/aubergeduprieurenormand.fr\\\/wp-content\\\/uploads\\\/2022\\\/09\\\/le-restaurant.jpg\",\"contentUrl\":\"https:\\\/\\\/aubergeduprieurenormand.fr\\\/wp-content\\\/uploads\\\/2022\\\/09\\\/le-restaurant.jpg\",\"width\":537,\"height\":274,\"caption\":\"Banni\u00e8re le restaurant de l'auberge du prieur\u00e9 normand\"},{\"@type\":\"BreadcrumbList\",\"@id\":\"https:\\\/\\\/aubergeduprieurenormand.fr\\\/index.php\\\/le-restaurant\\\/#breadcrumb\",\"itemListElement\":[{\"@type\":\"ListItem\",\"position\":1,\"name\":\"Accueil\",\"item\":\"https:\\\/\\\/aubergeduprieurenormand.fr\\\/\"},{\"@type\":\"ListItem\",\"position\":2,\"name\":\"Le restaurant\"}]},{\"@type\":\"WebSite\",\"@id\":\"https:\\\/\\\/aubergeduprieurenormand.fr\\\/#website\",\"url\":\"https:\\\/\\\/aubergeduprieurenormand.fr\\\/\",\"name\":\"Auberge du Prieur\u00e9 Normand\",\"description\":\"\",\"publisher\":{\"@id\":\"https:\\\/\\\/aubergeduprieurenormand.fr\\\/#organization\"},\"potentialAction\":[{\"@type\":\"SearchAction\",\"target\":{\"@type\":\"EntryPoint\",\"urlTemplate\":\"https:\\\/\\\/aubergeduprieurenormand.fr\\\/?s={search_term_string}\"},\"query-input\":{\"@type\":\"PropertyValueSpecification\",\"valueRequired\":true,\"valueName\":\"search_term_string\"}}],\"inLanguage\":\"fr-FR\"},{\"@type\":\"Organization\",\"@id\":\"https:\\\/\\\/aubergeduprieurenormand.fr\\\/#organization\",\"name\":\"Auberge du Prieur\u00e9 Normand\",\"url\":\"https:\\\/\\\/aubergeduprieurenormand.fr\\\/\",\"logo\":{\"@type\":\"ImageObject\",\"inLanguage\":\"fr-FR\",\"@id\":\"https:\\\/\\\/aubergeduprieurenormand.fr\\\/#\\\/schema\\\/logo\\\/image\\\/\",\"url\":\"\",\"contentUrl\":\"\",\"caption\":\"Auberge du Prieur\u00e9 Normand\"},\"image\":{\"@id\":\"https:\\\/\\\/aubergeduprieurenormand.fr\\\/#\\\/schema\\\/logo\\\/image\\\/\"}}]}<\/script>\n<!-- \/ Yoast SEO plugin. -->","yoast_head_json":{"title":"Le restaurant - Auberge du Prieur\u00e9 Normand","robots":{"index":"index","follow":"follow","max-snippet":"max-snippet:-1","max-image-preview":"max-image-preview:large","max-video-preview":"max-video-preview:-1"},"canonical":"https:\/\/aubergeduprieurenormand.fr\/index.php\/le-restaurant\/","og_locale":"fr_FR","og_type":"article","og_title":"Le restaurant - Auberge du Prieur\u00e9 Normand","og_description":"En plein coeur de la Normandie venez d\u00e9couvrir notre restaurant situ\u00e9 \u00e0 deux pas de Giverny! \u00a0 Un cadre cosy et intimiste vous attend pour un moment de d\u00e9tente et de d\u00e9couverte! \u00a0 Nous avons mis \u00e0 jour notre site et nos r\u00e9seaux sociaux, abonnez vous pour conna\u00eetre nos nouveaux menus! \u00a0( ou cliquez sur&hellip; Poursuivre la lecture Le restaurant","og_url":"https:\/\/aubergeduprieurenormand.fr\/index.php\/le-restaurant\/","og_site_name":"Auberge du Prieur\u00e9 Normand","article_modified_time":"2022-09-20T12:57:01+00:00","og_image":[{"url":"http:\/\/aubergeduprieurenormand.fr\/wp-content\/uploads\/2022\/09\/le-restaurant.jpg","type":"","width":"","height":""}],"twitter_card":"summary_large_image","twitter_misc":{"Dur\u00e9e de lecture estim\u00e9e":"2 minutes"},"schema":{"@context":"https:\/\/schema.org","@graph":[{"@type":"WebPage","@id":"https:\/\/aubergeduprieurenormand.fr\/index.php\/le-restaurant\/","url":"https:\/\/aubergeduprieurenormand.fr\/index.php\/le-restaurant\/","name":"Le restaurant - Auberge du Prieur\u00e9 Normand","isPartOf":{"@id":"https:\/\/aubergeduprieurenormand.fr\/#website"},"primaryImageOfPage":{"@id":"https:\/\/aubergeduprieurenormand.fr\/index.php\/le-restaurant\/#primaryimage"},"image":{"@id":"https:\/\/aubergeduprieurenormand.fr\/index.php\/le-restaurant\/#primaryimage"},"thumbnailUrl":"http:\/\/aubergeduprieurenormand.fr\/wp-content\/uploads\/2022\/09\/le-restaurant.jpg","datePublished":"2022-07-22T11:53:54+00:00","dateModified":"2022-09-20T12:57:01+00:00","breadcrumb":{"@id":"https:\/\/aubergeduprieurenormand.fr\/index.php\/le-restaurant\/#breadcrumb"},"inLanguage":"fr-FR","potentialAction":[{"@type":"ReadAction","target":["https:\/\/aubergeduprieurenormand.fr\/index.php\/le-restaurant\/"]}]},{"@type":"ImageObject","inLanguage":"fr-FR","@id":"https:\/\/aubergeduprieurenormand.fr\/index.php\/le-restaurant\/#primaryimage","url":"https:\/\/aubergeduprieurenormand.fr\/wp-content\/uploads\/2022\/09\/le-restaurant.jpg","contentUrl":"https:\/\/aubergeduprieurenormand.fr\/wp-content\/uploads\/2022\/09\/le-restaurant.jpg","width":537,"height":274,"caption":"Banni\u00e8re le restaurant de l'auberge du prieur\u00e9 normand"},{"@type":"BreadcrumbList","@id":"https:\/\/aubergeduprieurenormand.fr\/index.php\/le-restaurant\/#breadcrumb","itemListElement":[{"@type":"ListItem","position":1,"name":"Accueil","item":"https:\/\/aubergeduprieurenormand.fr\/"},{"@type":"ListItem","position":2,"name":"Le restaurant"}]},{"@type":"WebSite","@id":"https:\/\/aubergeduprieurenormand.fr\/#website","url":"https:\/\/aubergeduprieurenormand.fr\/","name":"Auberge du Prieur\u00e9 Normand","description":"","publisher":{"@id":"https:\/\/aubergeduprieurenormand.fr\/#organization"},"potentialAction":[{"@type":"SearchAction","target":{"@type":"EntryPoint","urlTemplate":"https:\/\/aubergeduprieurenormand.fr\/?s={search_term_string}"},"query-input":{"@type":"PropertyValueSpecification","valueRequired":true,"valueName":"search_term_string"}}],"inLanguage":"fr-FR"},{"@type":"Organization","@id":"https:\/\/aubergeduprieurenormand.fr\/#organization","name":"Auberge du Prieur\u00e9 Normand","url":"https:\/\/aubergeduprieurenormand.fr\/","logo":{"@type":"ImageObject","inLanguage":"fr-FR","@id":"https:\/\/aubergeduprieurenormand.fr\/#\/schema\/logo\/image\/","url":"","contentUrl":"","caption":"Auberge du Prieur\u00e9 Normand"},"image":{"@id":"https:\/\/aubergeduprieurenormand.fr\/#\/schema\/logo\/image\/"}}]}},"_links":{"self":[{"href":"https:\/\/aubergeduprieurenormand.fr\/index.php\/wp-json\/wp\/v2\/pages\/103","targetHints":{"allow":["GET"]}}],"collection":[{"href":"https:\/\/aubergeduprieurenormand.fr\/index.php\/wp-json\/wp\/v2\/pages"}],"about":[{"href":"https:\/\/aubergeduprieurenormand.fr\/index.php\/wp-json\/wp\/v2\/types\/page"}],"author":[{"embeddable":true,"href":"https:\/\/aubergeduprieurenormand.fr\/index.php\/wp-json\/wp\/v2\/users\/1"}],"replies":[{"embeddable":true,"href":"https:\/\/aubergeduprieurenormand.fr\/index.php\/wp-json\/wp\/v2\/comments?post=103"}],"version-history":[{"count":88,"href":"https:\/\/aubergeduprieurenormand.fr\/index.php\/wp-json\/wp\/v2\/pages\/103\/revisions"}],"predecessor-version":[{"id":1644,"href":"https:\/\/aubergeduprieurenormand.fr\/index.php\/wp-json\/wp\/v2\/pages\/103\/revisions\/1644"}],"wp:attachment":[{"href":"https:\/\/aubergeduprieurenormand.fr\/index.php\/wp-json\/wp\/v2\/media?parent=103"}],"curies":[{"name":"wp","href":"https:\/\/api.w.org\/{rel}","templated":true}]}}