{"id":252,"date":"2022-08-01T16:02:22","date_gmt":"2022-08-01T14:02:22","guid":{"rendered":"http:\/\/aubergeduprieurenormand.fr\/?page_id=252"},"modified":"2022-09-14T14:43:28","modified_gmt":"2022-09-14T12:43:28","slug":"cgu","status":"publish","type":"page","link":"https:\/\/aubergeduprieurenormand.fr\/index.php\/cgu\/","title":{"rendered":"CGU"},"content":{"rendered":"\t\t<div data-elementor-type=\"wp-page\" data-elementor-id=\"252\" class=\"elementor elementor-252\">\n\t\t\t\t\t\t<section class=\"elementor-section elementor-top-section elementor-element elementor-element-b81d9d8 elementor-section-boxed elementor-section-height-default elementor-section-height-default\" data-id=\"b81d9d8\" data-element_type=\"section\" data-e-type=\"section\">\n\t\t\t\t\t\t<div class=\"elementor-container elementor-column-gap-default\">\n\t\t\t\t\t<div class=\"elementor-column elementor-col-100 elementor-top-column elementor-element elementor-element-f352438\" data-id=\"f352438\" data-element_type=\"column\" data-e-type=\"column\">\n\t\t\t<div class=\"elementor-widget-wrap elementor-element-populated\">\n\t\t\t\t\t\t<div class=\"elementor-element elementor-element-1d0c768 elementor-widget elementor-widget-heading\" data-id=\"1d0c768\" data-element_type=\"widget\" data-e-type=\"widget\" data-widget_type=\"heading.default\">\n\t\t\t\t<div class=\"elementor-widget-container\">\n\t\t\t\t\t<h2 class=\"elementor-heading-title elementor-size-large\"><span style=\"font-size: 20px;white-space: normal\">Conditions g\u00e9n\u00e9rales d'utilisation<\/span><br><span style=\"font-size: 20px;white-space: normal\">(<\/span><span style=\"font-size: 20px;white-space: normal\">En vigueur au 01\/09\/2022)<\/span><\/h2>\t\t\t\t<\/div>\n\t\t\t\t<\/div>\n\t\t\t\t\t<\/div>\n\t\t<\/div>\n\t\t\t\t\t<\/div>\n\t\t<\/section>\n\t\t\t\t<section class=\"elementor-section elementor-top-section elementor-element elementor-element-08e1901 elementor-section-boxed elementor-section-height-default elementor-section-height-default\" data-id=\"08e1901\" data-element_type=\"section\" data-e-type=\"section\">\n\t\t\t\t\t\t<div class=\"elementor-container elementor-column-gap-default\">\n\t\t\t\t\t<div class=\"elementor-column elementor-col-100 elementor-top-column elementor-element elementor-element-7dd83fd\" data-id=\"7dd83fd\" data-element_type=\"column\" data-e-type=\"column\">\n\t\t\t<div class=\"elementor-widget-wrap elementor-element-populated\">\n\t\t\t\t\t\t<div class=\"elementor-element elementor-element-202bfe6 elementor-widget elementor-widget-text-editor\" data-id=\"202bfe6\" data-element_type=\"widget\" data-e-type=\"widget\" data-widget_type=\"text-editor.default\">\n\t\t\t\t<div class=\"elementor-widget-container\">\n\t\t\t\t\t\t\t\t\t<h6>Les<strong> pr\u00e9sentes conditions g\u00e9n\u00e9rales d&rsquo;utilisation (dites \u00ab CGU \u00bb) ont pour objet l&rsquo;encadrement juridique&nbsp;<\/strong><strong>des modalit\u00e9s de mise \u00e0 disposition du site et des services par Com&rsquo;une Image et de d\u00e9finir les&nbsp;<\/strong><strong>conditions d\u2019acc\u00e8s et d\u2019utilisation des services par \u00ab l&rsquo;Utilisateur \u00bb.<\/strong><\/h6>\n<h6><strong>Les pr\u00e9sentes CGU sont accessibles sur le site \u00e0 la rubrique \u00abCGU\u00bb.<\/strong><br><strong><br><\/strong><\/h6>\n<h6><strong>A<\/strong>rticle 1 : Les mentions l\u00e9gales<br><span style=\"font-weight: normal;\">L&rsquo;\u00e9dition du site aubergeduprieurenormand.fr est assur\u00e9e par l&rsquo;entreprise Com&rsquo;une Image, immatricul\u00e9e au RCS de Evreux sous le num\u00e9ro 804295947, dont le&nbsp;si\u00e8ge social est situ\u00e9 au 5 rue du cendrier, 27200 VERNON.<\/span><\/h6>\n<h6><span style=\"font-weight: normal;\">&nbsp;<\/span><\/h6>\n<h6><span style=\"font-weight: normal;\">Num\u00e9ro de t\u00e9l\u00e9phone 0629721139<br>Adresse e-mail : comuneimage27@gmail.com.<br>Le Directeur de la publication est : Mikael Desseaux<br>Num\u00e9ro de TVA intracommunautaire : Fr49804295947<br>L&rsquo;h\u00e9bergeur du site aubergeduprieurenormand.fr est l&rsquo;entreprise Com&rsquo;une Image, dont le si\u00e8ge social<br>est situ\u00e9 au 5 rue du cendrier 27200 VERNON, avec le num\u00e9ro de t\u00e9l\u00e9phone : 06 29 72 11 39<br><\/span><strong><br><\/strong><\/h6>\n<h6><strong>ARTICLE 2 : Acc\u00e8s au site<\/strong><\/h6>\n<h6><span style=\"font-weight: normal;\"><span style=\"font-family: var(--heading--font-family); font-size: var(--heading--font-size-h6); letter-spacing: var(--heading--letter-spacing-h6);\">Le site est accessible gratuitement en tout lieu \u00e0 tout Utilisateur ayant un acc\u00e8s \u00e0 Internet. Tous les&nbsp;<\/span><span style=\"font-family: var(--heading--font-family); font-size: var(--heading--font-size-h6); letter-spacing: var(--heading--letter-spacing-h6);\">frais support\u00e9s par l&rsquo;Utilisateur pour acc\u00e9der au service (mat\u00e9riel informatique, logiciels, connexion&nbsp;<\/span><span style=\"font-family: var(--heading--font-family); font-size: var(--heading--font-size-h6); letter-spacing: var(--heading--letter-spacing-h6);\">Internet, etc.) sont \u00e0 sa charge.<\/span><\/span><\/h6>\n<h6><strong>&nbsp;<\/strong><\/h6>\n<h6><strong>ARTICLE 3 : Collecte des donn\u00e9es<\/strong><br><span style=\"font-weight: normal;\">Le site est exempt\u00e9 de d\u00e9claration \u00e0 la Commission Nationale Informatique et Libert\u00e9s (CNIL) dans la&nbsp;mesure o\u00f9 il ne collecte aucune<\/span><\/h6>\n<h6><span style=\"font-weight: normal;\">donn\u00e9e concernant les Utilisateurs.<\/span><br><strong><br><\/strong><\/h6>\n<h6><strong>ARTICLE 4 : Propri\u00e9t\u00e9 intellectuelle<\/strong><br><span style=\"font-weight: normal;\">Les marques, logos, signes ainsi que tous les contenus du site (textes, images, son\u2026) font l&rsquo;objet&nbsp;d&rsquo;une protection par le Code de la propri\u00e9t\u00e9 intellectuelle et plus particuli\u00e8rement par le droit d&rsquo;auteur.&nbsp;La marque auberge du prieur\u00e9 normand est une marque d\u00e9pos\u00e9e par Mr Durel.<\/span><\/h6>\n<h6><span style=\"font-weight: normal;\">Toute&nbsp;repr\u00e9sentation et\/ou reproduction et\/ou exploitation partielle ou totale de cette marque, de quelque&nbsp;nature que ce soit, est totalement prohib\u00e9e.&nbsp;L&rsquo;Utilisateur doit solliciter l&rsquo;autorisation pr\u00e9alable du site pour toute reproduction, publication, copie des&nbsp;diff\u00e9rents contenus. Il s&rsquo;engage \u00e0 une utilisation des contenus du site dans un cadre strictement priv\u00e9,&nbsp;toute utilisation \u00e0 des fins commerciales et publicitaires est strictement interdite.&nbsp;Toute repr\u00e9sentation totale ou partielle de ce site par quelque proc\u00e9d\u00e9 que ce soit, sans l\u2019autorisation&nbsp;expresse de l\u2019exploitant du site Internet constituerait une contrefa\u00e7on sanctionn\u00e9e par l\u2019article L 335-2&nbsp;et suivants du Code de la propri\u00e9t\u00e9 intellectuelle.&nbsp;Il est rappel\u00e9 conform\u00e9ment \u00e0 l\u2019article L122-5 du Code de propri\u00e9t\u00e9 intellectuelle que l\u2019Utilisateur qui&nbsp;reproduit, copie ou publie le contenu prot\u00e9g\u00e9 doit citer l\u2019auteur et sa source.<br><\/span><strong><br><\/strong><\/h6>\n<h6><strong>ARTICLE 5 : Responsabilit\u00e9<\/strong><\/h6>\n<h6><span style=\"font-weight: normal;\">Les sources des informations diffus\u00e9es sur le site aubergeduprieurenormand.fr sont r\u00e9put\u00e9es fiables&nbsp;mais le site ne garantit pas qu\u2019il soit exempt de d\u00e9fauts, d\u2019erreurs ou d\u2019omissions.&nbsp;Les informations communiqu\u00e9es sont pr\u00e9sent\u00e9es \u00e0 titre indicatif et g\u00e9n\u00e9ral sans valeur contractuelle.&nbsp;Malgr\u00e9 des mises \u00e0 jour r\u00e9guli\u00e8res, le site aubergeduprieurenormand.fr ne peut \u00eatre tenu responsablede la modification des dispositions administratives et juridiques survenant apr\u00e8s la publication. De&nbsp;m\u00eame, le site ne peut \u00eatre tenue responsable de l\u2019utilisation et de l\u2019interpr\u00e9tation de l\u2019information&nbsp;contenue dans ce site.&nbsp;Le site aubergeduprieurenormand.fr ne peut \u00eatre tenu pour responsable d\u2019\u00e9ventuels virus qui&nbsp;pourraient infecter l\u2019ordinateur ou tout mat\u00e9riel informatique de l\u2019Internaute, suite \u00e0 une utilisation, \u00e0 l\u2019acc\u00e8s, ou au t\u00e9l\u00e9chargement provenant de ce site. La responsabilit\u00e9 du site ne peut \u00eatre engag\u00e9e en cas de force majeure ou du fait impr\u00e9visible et insurmontable d&rsquo;un tiers.<\/span><br><strong><br><\/strong><\/h6>\n<h6><strong>ARTICLE 6 : Liens hypertextes<\/strong><br><span style=\"font-weight: normal;\">Des liens hypertextes peuvent \u00eatre pr\u00e9sents sur le site. L\u2019Utilisateur est inform\u00e9 qu\u2019en cliquant sur ces liens, il sortira du site aubergeduprieurenormand.fr. Ce dernier n\u2019a pas de contr\u00f4le sur les pages web sur lesquelles aboutissent ces liens et ne saurait, en aucun cas, \u00eatre responsable de leur contenu.<\/span><br><strong><br><\/strong><\/h6>\n<h6><strong>ARTICLE 7 : Cookies<\/strong><br><span style=\"font-weight: normal;\">L\u2019Utilisateur est inform\u00e9 que lors de ses visites sur le site, un cookie peut s\u2019installer automatiquement<br>sur son logiciel de navigation. Les cookies sont de petits fichiers stock\u00e9s temporairement sur le disque dur de l\u2019ordinateur de l\u2019Utilisateur par votre navigateur et qui sont n\u00e9cessaires \u00e0 l\u2019utilisation du site aubergeduprieurenormand.fr. Les cookies ne contiennent pas d\u2019information personnelle et ne peuvent pas \u00eatre utilis\u00e9s pour identifier quelqu\u2019un. Un cookie contient un identifiant unique, g\u00e9n\u00e9r\u00e9<br>al\u00e9atoirement et donc anonyme. Certains cookies expirent \u00e0 la fin de la visite de l\u2019Utilisateur, d\u2019autres<br>restent. L\u2019information contenue dans les cookies est utilis\u00e9e pour am\u00e9liorer le site aubergeduprieurenormand.fr. En naviguant sur le site, L\u2019Utilisateur les accepte. L\u2019Utilisateur pourra d\u00e9sactiver ces cookies par l\u2019interm\u00e9diaire des param\u00e8tres figurant au sein de son logiciel de navigation.<\/span><br><strong><br><\/strong><\/h6>\n<h6><strong>ARTICLE 8 : Droit applicable et juridiction comp\u00e9tente<\/strong><br><span style=\"font-weight: normal;\">La l\u00e9gislation fran\u00e7aise s&rsquo;applique au pr\u00e9sent contrat. En cas d&rsquo;absence de r\u00e9solution amiable d&rsquo;un litige n\u00e9 entre les parties, les tribunaux fran\u00e7ais seront seuls comp\u00e9tents pour en conna\u00eetre. Pour toute question relative \u00e0 l\u2019application des pr\u00e9sentes CGU, vous pouvez joindre l\u2019\u00e9diteur aux coordonn\u00e9es inscrites \u00e0 l\u2019ARTICLE 1.<br><\/span><strong><i><br><\/i><\/strong><\/h6>\n<h6><strong><i>CGU r\u00e9alis\u00e9es sur http:\/\/legalplace.fr&nbsp;<\/i><\/strong><\/h6>\t\t\t\t\t\t\t\t<\/div>\n\t\t\t\t<\/div>\n\t\t\t\t\t<\/div>\n\t\t<\/div>\n\t\t\t\t\t<\/div>\n\t\t<\/section>\n\t\t\t\t<section class=\"elementor-section elementor-top-section elementor-element elementor-element-2c39506 elementor-section-boxed elementor-section-height-default elementor-section-height-default\" data-id=\"2c39506\" data-element_type=\"section\" data-e-type=\"section\">\n\t\t\t\t\t\t<div class=\"elementor-container elementor-column-gap-default\">\n\t\t\t\t\t<div class=\"elementor-column elementor-col-33 elementor-top-column elementor-element elementor-element-4186899\" data-id=\"4186899\" data-element_type=\"column\" data-e-type=\"column\">\n\t\t\t<div class=\"elementor-widget-wrap\">\n\t\t\t\t\t\t\t<\/div>\n\t\t<\/div>\n\t\t\t\t<div class=\"elementor-column elementor-col-33 elementor-top-column elementor-element elementor-element-8d139dc\" data-id=\"8d139dc\" data-element_type=\"column\" data-e-type=\"column\">\n\t\t\t<div class=\"elementor-widget-wrap elementor-element-populated\">\n\t\t\t\t\t\t<div class=\"elementor-element elementor-element-cfe67ef elementor-widget elementor-widget-image\" data-id=\"cfe67ef\" data-element_type=\"widget\" data-e-type=\"widget\" data-widget_type=\"image.default\">\n\t\t\t\t<div class=\"elementor-widget-container\">\n\t\t\t\t\t\t\t\t\t\t\t\t\t\t\t\t<a href=\"https:\/\/www.comuneimage27.fr\/\">\n\t\t\t\t\t\t\t<img decoding=\"async\" width=\"138\" height=\"71\" src=\"https:\/\/aubergeduprieurenormand.fr\/wp-content\/uploads\/2022\/09\/Com-une-image-Nouveau-logo-small.png\" class=\"attachment-2048x2048 size-2048x2048 wp-image-1500\" alt=\"Com&#039; une image-logo\" style=\"width:100%;height:51.45%;max-width:138px\" \/>\t\t\t\t\t\t\t\t<\/a>\n\t\t\t\t\t\t\t\t\t\t\t\t\t\t\t<\/div>\n\t\t\t\t<\/div>\n\t\t\t\t\t<\/div>\n\t\t<\/div>\n\t\t\t\t<div class=\"elementor-column elementor-col-33 elementor-top-column elementor-element elementor-element-9949b8a\" data-id=\"9949b8a\" data-element_type=\"column\" data-e-type=\"column\">\n\t\t\t<div class=\"elementor-widget-wrap\">\n\t\t\t\t\t\t\t<\/div>\n\t\t<\/div>\n\t\t\t\t\t<\/div>\n\t\t<\/section>\n\t\t\t\t<\/div>\n\t\t","protected":false},"excerpt":{"rendered":"<p>Conditions g\u00e9n\u00e9rales d&rsquo;utilisation(En vigueur au 01\/09\/2022) Les pr\u00e9sentes conditions g\u00e9n\u00e9rales d&rsquo;utilisation (dites \u00ab CGU \u00bb) ont pour objet l&rsquo;encadrement juridique&nbsp;des modalit\u00e9s de mise \u00e0 disposition du site et des services par Com&rsquo;une Image et de d\u00e9finir les&nbsp;conditions d\u2019acc\u00e8s et d\u2019utilisation des services par \u00ab l&rsquo;Utilisateur \u00bb. Les pr\u00e9sentes CGU sont accessibles sur le site \u00e0&hellip; <a class=\"more-link\" href=\"https:\/\/aubergeduprieurenormand.fr\/index.php\/cgu\/\">Poursuivre la lecture <span class=\"screen-reader-text\">CGU<\/span><\/a><\/p>\n","protected":false},"author":1,"featured_media":0,"parent":0,"menu_order":0,"comment_status":"closed","ping_status":"closed","template":"elementor_header_footer","meta":{"footnotes":""},"class_list":["post-252","page","type-page","status-publish","hentry","entry"],"yoast_head":"<!-- This site is optimized with the Yoast SEO plugin v27.4 - https:\/\/yoast.com\/product\/yoast-seo-wordpress\/ -->\n<title>CGU - Auberge du Prieur\u00e9 Normand<\/title>\n<meta name=\"robots\" content=\"index, follow, max-snippet:-1, max-image-preview:large, max-video-preview:-1\" \/>\n<link rel=\"canonical\" href=\"https:\/\/aubergeduprieurenormand.fr\/index.php\/cgu\/\" \/>\n<meta property=\"og:locale\" content=\"fr_FR\" \/>\n<meta property=\"og:type\" content=\"article\" \/>\n<meta property=\"og:title\" content=\"CGU - Auberge du Prieur\u00e9 Normand\" \/>\n<meta property=\"og:description\" content=\"Conditions g\u00e9n\u00e9rales d&rsquo;utilisation(En vigueur au 01\/09\/2022) Les pr\u00e9sentes conditions g\u00e9n\u00e9rales d&rsquo;utilisation (dites \u00ab CGU \u00bb) ont pour objet l&rsquo;encadrement juridique&nbsp;des modalit\u00e9s de mise \u00e0 disposition du site et des services par Com&rsquo;une Image et de d\u00e9finir les&nbsp;conditions d\u2019acc\u00e8s et d\u2019utilisation des services par \u00ab l&rsquo;Utilisateur \u00bb. Les pr\u00e9sentes CGU sont accessibles sur le site \u00e0&hellip; Poursuivre la lecture CGU\" \/>\n<meta property=\"og:url\" content=\"https:\/\/aubergeduprieurenormand.fr\/index.php\/cgu\/\" \/>\n<meta property=\"og:site_name\" content=\"Auberge du Prieur\u00e9 Normand\" \/>\n<meta property=\"article:modified_time\" content=\"2022-09-14T12:43:28+00:00\" \/>\n<meta property=\"og:image\" content=\"http:\/\/aubergeduprieurenormand.fr\/wp-content\/uploads\/2022\/09\/Com-une-image-Nouveau-logo-small.png\" \/>\n<meta name=\"twitter:card\" content=\"summary_large_image\" \/>\n<meta name=\"twitter:label1\" content=\"Dur\u00e9e de lecture estim\u00e9e\" \/>\n\t<meta name=\"twitter:data1\" content=\"5 minutes\" \/>\n<script type=\"application\/ld+json\" class=\"yoast-schema-graph\">{\"@context\":\"https:\\\/\\\/schema.org\",\"@graph\":[{\"@type\":\"WebPage\",\"@id\":\"https:\\\/\\\/aubergeduprieurenormand.fr\\\/index.php\\\/cgu\\\/\",\"url\":\"https:\\\/\\\/aubergeduprieurenormand.fr\\\/index.php\\\/cgu\\\/\",\"name\":\"CGU - Auberge du Prieur\u00e9 Normand\",\"isPartOf\":{\"@id\":\"https:\\\/\\\/aubergeduprieurenormand.fr\\\/#website\"},\"primaryImageOfPage\":{\"@id\":\"https:\\\/\\\/aubergeduprieurenormand.fr\\\/index.php\\\/cgu\\\/#primaryimage\"},\"image\":{\"@id\":\"https:\\\/\\\/aubergeduprieurenormand.fr\\\/index.php\\\/cgu\\\/#primaryimage\"},\"thumbnailUrl\":\"http:\\\/\\\/aubergeduprieurenormand.fr\\\/wp-content\\\/uploads\\\/2022\\\/09\\\/Com-une-image-Nouveau-logo-small.png\",\"datePublished\":\"2022-08-01T14:02:22+00:00\",\"dateModified\":\"2022-09-14T12:43:28+00:00\",\"breadcrumb\":{\"@id\":\"https:\\\/\\\/aubergeduprieurenormand.fr\\\/index.php\\\/cgu\\\/#breadcrumb\"},\"inLanguage\":\"fr-FR\",\"potentialAction\":[{\"@type\":\"ReadAction\",\"target\":[\"https:\\\/\\\/aubergeduprieurenormand.fr\\\/index.php\\\/cgu\\\/\"]}]},{\"@type\":\"ImageObject\",\"inLanguage\":\"fr-FR\",\"@id\":\"https:\\\/\\\/aubergeduprieurenormand.fr\\\/index.php\\\/cgu\\\/#primaryimage\",\"url\":\"https:\\\/\\\/aubergeduprieurenormand.fr\\\/wp-content\\\/uploads\\\/2022\\\/09\\\/Com-une-image-Nouveau-logo-small.png\",\"contentUrl\":\"https:\\\/\\\/aubergeduprieurenormand.fr\\\/wp-content\\\/uploads\\\/2022\\\/09\\\/Com-une-image-Nouveau-logo-small.png\",\"width\":138,\"height\":71,\"caption\":\"Logo de l'entreprise Com'une image\"},{\"@type\":\"BreadcrumbList\",\"@id\":\"https:\\\/\\\/aubergeduprieurenormand.fr\\\/index.php\\\/cgu\\\/#breadcrumb\",\"itemListElement\":[{\"@type\":\"ListItem\",\"position\":1,\"name\":\"Accueil\",\"item\":\"https:\\\/\\\/aubergeduprieurenormand.fr\\\/\"},{\"@type\":\"ListItem\",\"position\":2,\"name\":\"CGU\"}]},{\"@type\":\"WebSite\",\"@id\":\"https:\\\/\\\/aubergeduprieurenormand.fr\\\/#website\",\"url\":\"https:\\\/\\\/aubergeduprieurenormand.fr\\\/\",\"name\":\"Auberge du Prieur\u00e9 Normand\",\"description\":\"\",\"publisher\":{\"@id\":\"https:\\\/\\\/aubergeduprieurenormand.fr\\\/#organization\"},\"potentialAction\":[{\"@type\":\"SearchAction\",\"target\":{\"@type\":\"EntryPoint\",\"urlTemplate\":\"https:\\\/\\\/aubergeduprieurenormand.fr\\\/?s={search_term_string}\"},\"query-input\":{\"@type\":\"PropertyValueSpecification\",\"valueRequired\":true,\"valueName\":\"search_term_string\"}}],\"inLanguage\":\"fr-FR\"},{\"@type\":\"Organization\",\"@id\":\"https:\\\/\\\/aubergeduprieurenormand.fr\\\/#organization\",\"name\":\"Auberge du Prieur\u00e9 Normand\",\"url\":\"https:\\\/\\\/aubergeduprieurenormand.fr\\\/\",\"logo\":{\"@type\":\"ImageObject\",\"inLanguage\":\"fr-FR\",\"@id\":\"https:\\\/\\\/aubergeduprieurenormand.fr\\\/#\\\/schema\\\/logo\\\/image\\\/\",\"url\":\"\",\"contentUrl\":\"\",\"caption\":\"Auberge du Prieur\u00e9 Normand\"},\"image\":{\"@id\":\"https:\\\/\\\/aubergeduprieurenormand.fr\\\/#\\\/schema\\\/logo\\\/image\\\/\"}}]}<\/script>\n<!-- \/ Yoast SEO plugin. -->","yoast_head_json":{"title":"CGU - Auberge du Prieur\u00e9 Normand","robots":{"index":"index","follow":"follow","max-snippet":"max-snippet:-1","max-image-preview":"max-image-preview:large","max-video-preview":"max-video-preview:-1"},"canonical":"https:\/\/aubergeduprieurenormand.fr\/index.php\/cgu\/","og_locale":"fr_FR","og_type":"article","og_title":"CGU - Auberge du Prieur\u00e9 Normand","og_description":"Conditions g\u00e9n\u00e9rales d&rsquo;utilisation(En vigueur au 01\/09\/2022) Les pr\u00e9sentes conditions g\u00e9n\u00e9rales d&rsquo;utilisation (dites \u00ab CGU \u00bb) ont pour objet l&rsquo;encadrement juridique&nbsp;des modalit\u00e9s de mise \u00e0 disposition du site et des services par Com&rsquo;une Image et de d\u00e9finir les&nbsp;conditions d\u2019acc\u00e8s et d\u2019utilisation des services par \u00ab l&rsquo;Utilisateur \u00bb. Les pr\u00e9sentes CGU sont accessibles sur le site \u00e0&hellip; Poursuivre la lecture CGU","og_url":"https:\/\/aubergeduprieurenormand.fr\/index.php\/cgu\/","og_site_name":"Auberge du Prieur\u00e9 Normand","article_modified_time":"2022-09-14T12:43:28+00:00","og_image":[{"url":"http:\/\/aubergeduprieurenormand.fr\/wp-content\/uploads\/2022\/09\/Com-une-image-Nouveau-logo-small.png","type":"","width":"","height":""}],"twitter_card":"summary_large_image","twitter_misc":{"Dur\u00e9e de lecture estim\u00e9e":"5 minutes"},"schema":{"@context":"https:\/\/schema.org","@graph":[{"@type":"WebPage","@id":"https:\/\/aubergeduprieurenormand.fr\/index.php\/cgu\/","url":"https:\/\/aubergeduprieurenormand.fr\/index.php\/cgu\/","name":"CGU - Auberge du Prieur\u00e9 Normand","isPartOf":{"@id":"https:\/\/aubergeduprieurenormand.fr\/#website"},"primaryImageOfPage":{"@id":"https:\/\/aubergeduprieurenormand.fr\/index.php\/cgu\/#primaryimage"},"image":{"@id":"https:\/\/aubergeduprieurenormand.fr\/index.php\/cgu\/#primaryimage"},"thumbnailUrl":"http:\/\/aubergeduprieurenormand.fr\/wp-content\/uploads\/2022\/09\/Com-une-image-Nouveau-logo-small.png","datePublished":"2022-08-01T14:02:22+00:00","dateModified":"2022-09-14T12:43:28+00:00","breadcrumb":{"@id":"https:\/\/aubergeduprieurenormand.fr\/index.php\/cgu\/#breadcrumb"},"inLanguage":"fr-FR","potentialAction":[{"@type":"ReadAction","target":["https:\/\/aubergeduprieurenormand.fr\/index.php\/cgu\/"]}]},{"@type":"ImageObject","inLanguage":"fr-FR","@id":"https:\/\/aubergeduprieurenormand.fr\/index.php\/cgu\/#primaryimage","url":"https:\/\/aubergeduprieurenormand.fr\/wp-content\/uploads\/2022\/09\/Com-une-image-Nouveau-logo-small.png","contentUrl":"https:\/\/aubergeduprieurenormand.fr\/wp-content\/uploads\/2022\/09\/Com-une-image-Nouveau-logo-small.png","width":138,"height":71,"caption":"Logo de l'entreprise Com'une image"},{"@type":"BreadcrumbList","@id":"https:\/\/aubergeduprieurenormand.fr\/index.php\/cgu\/#breadcrumb","itemListElement":[{"@type":"ListItem","position":1,"name":"Accueil","item":"https:\/\/aubergeduprieurenormand.fr\/"},{"@type":"ListItem","position":2,"name":"CGU"}]},{"@type":"WebSite","@id":"https:\/\/aubergeduprieurenormand.fr\/#website","url":"https:\/\/aubergeduprieurenormand.fr\/","name":"Auberge du Prieur\u00e9 Normand","description":"","publisher":{"@id":"https:\/\/aubergeduprieurenormand.fr\/#organization"},"potentialAction":[{"@type":"SearchAction","target":{"@type":"EntryPoint","urlTemplate":"https:\/\/aubergeduprieurenormand.fr\/?s={search_term_string}"},"query-input":{"@type":"PropertyValueSpecification","valueRequired":true,"valueName":"search_term_string"}}],"inLanguage":"fr-FR"},{"@type":"Organization","@id":"https:\/\/aubergeduprieurenormand.fr\/#organization","name":"Auberge du Prieur\u00e9 Normand","url":"https:\/\/aubergeduprieurenormand.fr\/","logo":{"@type":"ImageObject","inLanguage":"fr-FR","@id":"https:\/\/aubergeduprieurenormand.fr\/#\/schema\/logo\/image\/","url":"","contentUrl":"","caption":"Auberge du Prieur\u00e9 Normand"},"image":{"@id":"https:\/\/aubergeduprieurenormand.fr\/#\/schema\/logo\/image\/"}}]}},"_links":{"self":[{"href":"https:\/\/aubergeduprieurenormand.fr\/index.php\/wp-json\/wp\/v2\/pages\/252","targetHints":{"allow":["GET"]}}],"collection":[{"href":"https:\/\/aubergeduprieurenormand.fr\/index.php\/wp-json\/wp\/v2\/pages"}],"about":[{"href":"https:\/\/aubergeduprieurenormand.fr\/index.php\/wp-json\/wp\/v2\/types\/page"}],"author":[{"embeddable":true,"href":"https:\/\/aubergeduprieurenormand.fr\/index.php\/wp-json\/wp\/v2\/users\/1"}],"replies":[{"embeddable":true,"href":"https:\/\/aubergeduprieurenormand.fr\/index.php\/wp-json\/wp\/v2\/comments?post=252"}],"version-history":[{"count":78,"href":"https:\/\/aubergeduprieurenormand.fr\/index.php\/wp-json\/wp\/v2\/pages\/252\/revisions"}],"predecessor-version":[{"id":1512,"href":"https:\/\/aubergeduprieurenormand.fr\/index.php\/wp-json\/wp\/v2\/pages\/252\/revisions\/1512"}],"wp:attachment":[{"href":"https:\/\/aubergeduprieurenormand.fr\/index.php\/wp-json\/wp\/v2\/media?parent=252"}],"curies":[{"name":"wp","href":"https:\/\/api.w.org\/{rel}","templated":true}]}}